{"id":32,"date":"2016-07-10T17:56:35","date_gmt":"2016-07-10T17:56:35","guid":{"rendered":"http:\/\/elavegan.com\/?page_id=32"},"modified":"2023-01-18T10:39:05","modified_gmt":"2023-01-18T14:39:05","slug":"kontakt","status":"publish","type":"page","link":"https:\/\/elavegan.com\/de\/kontakt\/","title":{"rendered":"Kontakt \/ Zusammenarbeit"},"content":{"rendered":"<p>Ich bin offen f\u00fcr Gespr\u00e4che dar\u00fcber, wie Ihr Unternehmen mit mir zusammenarbeiten kann.<\/p>\n<p><img loading=\"lazy\" decoding=\"async\" class=\"aligncenter size-full wp-image-1682\" src=\"https:\/\/elavegan.com\/wp-content\/uploads\/2016\/07\/elavegan.jpg\" alt=\"Michaela Vais owner of Elavegan\" width=\"806\" height=\"808\" \/><\/p>\n<h4><strong>Rezeptentwicklung<\/strong><\/h4>\n<p>Rezeptentwicklung ist der Hauptbestandteil meines Blogs ElaVegan. Ich w\u00fcrde mich freuen, mit Ihrem Unternehmen zusammenzuarbeiten, um einzigartige vegane Rezepte zu kreieren.<\/p>\n<h4><strong>Werbung &amp; Produktplatzierung<\/strong><\/h4>\n<p>Mit Millionen monatlicher Seitenaufrufe k\u00f6nnte mein Blog Ihnen helfen, mehr Aufmerksamkeit f\u00fcr Ihre Marke zu erhalten. Meine wichtigsten Social-Media-Plattformen sind <a href=\"https:\/\/www.instagram.com\/elavegan\/\" target=\"_blank\" rel=\"noopener\"><strong>Instagram<\/strong><\/a> (wo ich \u00fcber 1,2 Millionen Abonnenten habe). Ebenfalls bin ich auf <a href=\"https:\/\/www.pinterest.com\/elavegan\/\" target=\"_blank\" rel=\"noopener\"><strong>Pinterest<\/strong><\/a> (mit \u00fcber 10 Millionen monatlichen Besuchern) aktiv und auch auf <a href=\"https:\/\/web.facebook.com\/elavegan\" target=\"_blank\" rel=\"noopener\"><strong>Facebook<\/strong><\/a>. Ich arbeite gerne mit Firmen, die mit meiner Philosophie \u00fcbereinstimmen.<\/p>\n<h4><strong>Giveaways \/ Gewinnspiele<\/strong><\/h4>\n<p>Gewinnspiele auf meinem Instagram-Account sind eine gro\u00dfartige M\u00f6glichkeit, Ihre Markenbekanntheit zu steigern und mehr Abonnenten + Aufmerksamkeit auf Ihrem Instagram-Account zu erhalten.<\/p>\n<h4><strong>Food Photography &amp; Rezeptvideos<\/strong><\/h4>\n<p>Ich habe tausende Food Fotos und hunderte von Rezeptvideos auf meinen sozialen Netzwerken ver\u00f6ffentlicht. Wenn Ihnen mein Foto- und Videostil gef\u00e4llt, w\u00fcrde ich mich freuen, mit Ihnen dar\u00fcber zu sprechen, wie wir zusammenarbeiten k\u00f6nnen. Sie k\u00f6nnen meine Videos auch auf meinem <a href=\"https:\/\/youtube.com\/c\/elavegan\" target=\"_blank\" rel=\"noopener\"><strong>YouTube-Kanal<\/strong><\/a> finden.<\/p>\n<p><strong>Bitte senden Sie mir eine E-Mail, um mit mir in Kontakt zu treten: hello@elavegan.com<\/strong><\/p>\n<p>Nachfolgend sehen Sie einige Firmen, mit denen ich gearbeitet habe:<\/p>\n<p style=\"text-align: center;\"><img loading=\"lazy\" decoding=\"async\" class=\"aligncenter size-full wp-image-13526\" src=\"https:\/\/elavegan.com\/wp-content\/uploads\/2020\/10\/brands-Elavegan-worked-with.jpg\" alt=\"brands Elavegan worked with\" width=\"638\" height=\"680\" \/><\/p>\n<h4><strong>Presse<\/strong><\/h4>\n<p>Hier sind einige Beispiele von Publikationen, auf die ich stolz bin:<\/p>\n<p><img loading=\"lazy\" decoding=\"async\" class=\"aligncenter size-full wp-image-6383\" src=\"https:\/\/elavegan.com\/wp-content\/uploads\/2019\/06\/Elavegan-as-seen-on.jpg\" alt=\"Elavegan Press - as seen on\" width=\"350\" height=\"534\" \/><\/p>\n<p>Tel: <a href=\"tel:+1 307 278 6418\">+1 307 278 6418<\/a><br \/>\nE-Mail: hello@elavegan.com<\/p>\n","protected":false},"excerpt":{"rendered":"<p>Ich bin offen f\u00fcr Gespr\u00e4che dar\u00fcber, wie Ihr Unternehmen mit mir zusammenarbeiten kann. Rezeptentwicklung Rezeptentwicklung ist der Hauptbestandteil meines Blogs ElaVegan. Ich w\u00fcrde mich freuen, mit Ihrem Unternehmen zusammenzuarbeiten, um einzigartige vegane Rezepte zu kreieren. Werbung &amp; Produktplatzierung Mit Millionen monatlicher Seitenaufrufe k\u00f6nnte mein Blog Ihnen helfen, mehr Aufmerksamkeit f\u00fcr Ihre Marke zu erhalten. Meine&#8230;<\/p>\n<p><a class=\"more-link\" href=\"https:\/\/elavegan.com\/de\/kontakt\/\">Read More<\/a><\/p>\n","protected":false},"author":1,"featured_media":0,"parent":0,"menu_order":0,"comment_status":"closed","ping_status":"closed","template":"","meta":{"_acf_changed":false,"wprm-recipe-roundup-name":"","wprm-recipe-roundup-description":"","_trash_the_other_posts":false,"_genesis_hide_title":false,"_genesis_hide_breadcrumbs":false,"_genesis_hide_singular_image":false,"_genesis_hide_footer_widgets":false,"_genesis_custom_body_class":"","_genesis_custom_post_class":"","_genesis_layout":"","editor_notices":[],"footnotes":""},"categories":[],"tags":[],"class_list":{"0":"post-32","1":"page","2":"type-page","3":"status-publish","5":"entry"},"acf":[],"yoast_head":"<!-- This site is optimized with the Yoast SEO plugin v27.2 - https:\/\/yoast.com\/product\/yoast-seo-wordpress\/ -->\n<title>Kontakt \/ Zusammenarbeit - Elavegan<\/title>\n<meta name=\"description\" content=\"Kontaktseite und Infos, wie Firmen mit Elavegan auf ihrem Blog &amp; in sozialen Netzwerken wie Instagram oder Pinterest zusammenarbeiten k\u00f6nnen.\" \/>\n<meta name=\"robots\" content=\"index, follow, max-snippet:-1, max-image-preview:large, max-video-preview:-1\" \/>\n<link rel=\"canonical\" href=\"https:\/\/elavegan.com\/de\/kontakt\/\" \/>\n<meta property=\"og:locale\" content=\"de_DE\" \/>\n<meta property=\"og:type\" content=\"article\" \/>\n<meta property=\"og:title\" content=\"Kontakt \/ Zusammenarbeit - Elavegan\" \/>\n<meta property=\"og:description\" content=\"Kontaktseite und Infos, wie Firmen mit Elavegan auf ihrem Blog &amp; in sozialen Netzwerken wie Instagram oder Pinterest zusammenarbeiten k\u00f6nnen.\" \/>\n<meta property=\"og:url\" content=\"https:\/\/elavegan.com\/de\/kontakt\/\" \/>\n<meta property=\"og:site_name\" content=\"Elavegan\" \/>\n<meta property=\"article:modified_time\" content=\"2023-01-18T14:39:05+00:00\" \/>\n<meta property=\"og:image\" content=\"https:\/\/elavegan.com\/wp-content\/uploads\/2016\/07\/elavegan.jpg\" \/>\n<meta name=\"twitter:card\" content=\"summary_large_image\" \/>\n<meta name=\"twitter:label1\" content=\"Gesch\u00e4tzte Lesezeit\" \/>\n\t<meta name=\"twitter:data1\" content=\"2\u00a0Minuten\" \/>\n<script type=\"application\/ld+json\" class=\"yoast-schema-graph\">{\"@context\":\"https:\/\/schema.org\",\"@graph\":[{\"@type\":\"WebPage\",\"@id\":\"https:\/\/elavegan.com\/de\/kontakt\/\",\"url\":\"https:\/\/elavegan.com\/de\/kontakt\/\",\"name\":\"Kontakt \/ Zusammenarbeit - Elavegan\",\"isPartOf\":{\"@id\":\"https:\/\/elavegan.com\/de\/#website\"},\"primaryImageOfPage\":{\"@id\":\"https:\/\/elavegan.com\/de\/kontakt\/#primaryimage\"},\"image\":{\"@id\":\"https:\/\/elavegan.com\/de\/kontakt\/#primaryimage\"},\"thumbnailUrl\":\"https:\/\/elavegan.com\/wp-content\/uploads\/2016\/07\/elavegan.jpg\",\"datePublished\":\"2016-07-10T17:56:35+00:00\",\"dateModified\":\"2023-01-18T14:39:05+00:00\",\"description\":\"Kontaktseite und Infos, wie Firmen mit Elavegan auf ihrem Blog & in sozialen Netzwerken wie Instagram oder Pinterest zusammenarbeiten k\u00f6nnen.\",\"breadcrumb\":{\"@id\":\"https:\/\/elavegan.com\/de\/kontakt\/#breadcrumb\"},\"inLanguage\":\"de\",\"potentialAction\":[{\"@type\":\"ReadAction\",\"target\":[\"https:\/\/elavegan.com\/de\/kontakt\/\"]}]},{\"@type\":\"ImageObject\",\"inLanguage\":\"de\",\"@id\":\"https:\/\/elavegan.com\/de\/kontakt\/#primaryimage\",\"url\":\"https:\/\/elavegan.com\/wp-content\/uploads\/2016\/07\/elavegan.jpg\",\"contentUrl\":\"https:\/\/elavegan.com\/wp-content\/uploads\/2016\/07\/elavegan.jpg\"},{\"@type\":\"BreadcrumbList\",\"@id\":\"https:\/\/elavegan.com\/de\/kontakt\/#breadcrumb\",\"itemListElement\":[{\"@type\":\"ListItem\",\"position\":1,\"name\":\"Startseite\",\"item\":\"https:\/\/elavegan.com\/de\/\"},{\"@type\":\"ListItem\",\"position\":2,\"name\":\"Kontakt \/ Zusammenarbeit\"}]},{\"@type\":\"WebSite\",\"@id\":\"https:\/\/elavegan.com\/de\/#website\",\"url\":\"https:\/\/elavegan.com\/de\/\",\"name\":\"Elavegan\",\"description\":\"Einfache und leckere vegane Rezepte\",\"publisher\":{\"@id\":\"https:\/\/elavegan.com\/de\/#organization\"},\"potentialAction\":[{\"@type\":\"SearchAction\",\"target\":{\"@type\":\"EntryPoint\",\"urlTemplate\":\"https:\/\/elavegan.com\/de\/?s={search_term_string}\"},\"query-input\":{\"@type\":\"PropertyValueSpecification\",\"valueRequired\":true,\"valueName\":\"search_term_string\"}}],\"inLanguage\":\"de\"},{\"@type\":\"Organization\",\"@id\":\"https:\/\/elavegan.com\/de\/#organization\",\"name\":\"Elavegan\",\"url\":\"https:\/\/elavegan.com\/de\/\",\"logo\":{\"@type\":\"ImageObject\",\"inLanguage\":\"de\",\"@id\":\"https:\/\/elavegan.com\/de\/#\/schema\/logo\/image\/\",\"url\":\"https:\/\/elavegan.com\/de\/wp-content\/uploads\/sites\/5\/2018\/10\/logo-elavegan.png\",\"contentUrl\":\"https:\/\/elavegan.com\/de\/wp-content\/uploads\/sites\/5\/2018\/10\/logo-elavegan.png\",\"width\":800,\"height\":340,\"caption\":\"Elavegan\"},\"image\":{\"@id\":\"https:\/\/elavegan.com\/de\/#\/schema\/logo\/image\/\"}}]}<\/script>\n<!-- \/ Yoast SEO plugin. -->","yoast_head_json":{"title":"Kontakt \/ Zusammenarbeit - Elavegan","description":"Kontaktseite und Infos, wie Firmen mit Elavegan auf ihrem Blog & in sozialen Netzwerken wie Instagram oder Pinterest zusammenarbeiten k\u00f6nnen.","robots":{"index":"index","follow":"follow","max-snippet":"max-snippet:-1","max-image-preview":"max-image-preview:large","max-video-preview":"max-video-preview:-1"},"canonical":"https:\/\/elavegan.com\/de\/kontakt\/","og_locale":"de_DE","og_type":"article","og_title":"Kontakt \/ Zusammenarbeit - Elavegan","og_description":"Kontaktseite und Infos, wie Firmen mit Elavegan auf ihrem Blog & in sozialen Netzwerken wie Instagram oder Pinterest zusammenarbeiten k\u00f6nnen.","og_url":"https:\/\/elavegan.com\/de\/kontakt\/","og_site_name":"Elavegan","article_modified_time":"2023-01-18T14:39:05+00:00","og_image":[{"url":"https:\/\/elavegan.com\/wp-content\/uploads\/2016\/07\/elavegan.jpg","type":"","width":"","height":""}],"twitter_card":"summary_large_image","twitter_misc":{"Gesch\u00e4tzte Lesezeit":"2\u00a0Minuten"},"schema":{"@context":"https:\/\/schema.org","@graph":[{"@type":"WebPage","@id":"https:\/\/elavegan.com\/de\/kontakt\/","url":"https:\/\/elavegan.com\/de\/kontakt\/","name":"Kontakt \/ Zusammenarbeit - Elavegan","isPartOf":{"@id":"https:\/\/elavegan.com\/de\/#website"},"primaryImageOfPage":{"@id":"https:\/\/elavegan.com\/de\/kontakt\/#primaryimage"},"image":{"@id":"https:\/\/elavegan.com\/de\/kontakt\/#primaryimage"},"thumbnailUrl":"https:\/\/elavegan.com\/wp-content\/uploads\/2016\/07\/elavegan.jpg","datePublished":"2016-07-10T17:56:35+00:00","dateModified":"2023-01-18T14:39:05+00:00","description":"Kontaktseite und Infos, wie Firmen mit Elavegan auf ihrem Blog & in sozialen Netzwerken wie Instagram oder Pinterest zusammenarbeiten k\u00f6nnen.","breadcrumb":{"@id":"https:\/\/elavegan.com\/de\/kontakt\/#breadcrumb"},"inLanguage":"de","potentialAction":[{"@type":"ReadAction","target":["https:\/\/elavegan.com\/de\/kontakt\/"]}]},{"@type":"ImageObject","inLanguage":"de","@id":"https:\/\/elavegan.com\/de\/kontakt\/#primaryimage","url":"https:\/\/elavegan.com\/wp-content\/uploads\/2016\/07\/elavegan.jpg","contentUrl":"https:\/\/elavegan.com\/wp-content\/uploads\/2016\/07\/elavegan.jpg"},{"@type":"BreadcrumbList","@id":"https:\/\/elavegan.com\/de\/kontakt\/#breadcrumb","itemListElement":[{"@type":"ListItem","position":1,"name":"Startseite","item":"https:\/\/elavegan.com\/de\/"},{"@type":"ListItem","position":2,"name":"Kontakt \/ Zusammenarbeit"}]},{"@type":"WebSite","@id":"https:\/\/elavegan.com\/de\/#website","url":"https:\/\/elavegan.com\/de\/","name":"Elavegan","description":"Einfache und leckere vegane Rezepte","publisher":{"@id":"https:\/\/elavegan.com\/de\/#organization"},"potentialAction":[{"@type":"SearchAction","target":{"@type":"EntryPoint","urlTemplate":"https:\/\/elavegan.com\/de\/?s={search_term_string}"},"query-input":{"@type":"PropertyValueSpecification","valueRequired":true,"valueName":"search_term_string"}}],"inLanguage":"de"},{"@type":"Organization","@id":"https:\/\/elavegan.com\/de\/#organization","name":"Elavegan","url":"https:\/\/elavegan.com\/de\/","logo":{"@type":"ImageObject","inLanguage":"de","@id":"https:\/\/elavegan.com\/de\/#\/schema\/logo\/image\/","url":"https:\/\/elavegan.com\/de\/wp-content\/uploads\/sites\/5\/2018\/10\/logo-elavegan.png","contentUrl":"https:\/\/elavegan.com\/de\/wp-content\/uploads\/sites\/5\/2018\/10\/logo-elavegan.png","width":800,"height":340,"caption":"Elavegan"},"image":{"@id":"https:\/\/elavegan.com\/de\/#\/schema\/logo\/image\/"}}]}},"_links":{"self":[{"href":"https:\/\/elavegan.com\/de\/wp-json\/wp\/v2\/pages\/32","targetHints":{"allow":["GET"]}}],"collection":[{"href":"https:\/\/elavegan.com\/de\/wp-json\/wp\/v2\/pages"}],"about":[{"href":"https:\/\/elavegan.com\/de\/wp-json\/wp\/v2\/types\/page"}],"author":[{"embeddable":true,"href":"https:\/\/elavegan.com\/de\/wp-json\/wp\/v2\/users\/1"}],"replies":[{"embeddable":true,"href":"https:\/\/elavegan.com\/de\/wp-json\/wp\/v2\/comments?post=32"}],"version-history":[{"count":9,"href":"https:\/\/elavegan.com\/de\/wp-json\/wp\/v2\/pages\/32\/revisions"}],"predecessor-version":[{"id":14071,"href":"https:\/\/elavegan.com\/de\/wp-json\/wp\/v2\/pages\/32\/revisions\/14071"}],"wp:attachment":[{"href":"https:\/\/elavegan.com\/de\/wp-json\/wp\/v2\/media?parent=32"}],"wp:term":[{"taxonomy":"category","embeddable":true,"href":"https:\/\/elavegan.com\/de\/wp-json\/wp\/v2\/categories?post=32"},{"taxonomy":"post_tag","embeddable":true,"href":"https:\/\/elavegan.com\/de\/wp-json\/wp\/v2\/tags?post=32"}],"curies":[{"name":"wp","href":"https:\/\/api.w.org\/{rel}","templated":true}]}}