{"id":252,"date":"2016-08-05T13:18:17","date_gmt":"2016-08-05T13:18:17","guid":{"rendered":"http:\/\/elavegan.com\/?page_id=252"},"modified":"2020-12-23T15:07:04","modified_gmt":"2020-12-23T19:07:04","slug":"vegane-kosmetik-zum-selber-machen","status":"publish","type":"page","link":"https:\/\/elavegan.com\/de\/vegane-kosmetik-zum-selber-machen\/","title":{"rendered":"Vegane Kosmetik selber machen | f\u00fcr Haut &#038; Haare"},"content":{"rendered":"<h2><img loading=\"lazy\" decoding=\"async\" class=\"alignnone wp-image-600 size-full\" title=\"Vegane Kosmetik zum selber machen\" src=\"https:\/\/elavegan.com\/de\/wp-content\/uploads\/sites\/5\/2016\/08\/Vegane-Kosmetik-zum-selber-machen-Ringelblumen-Seife.jpg\" alt=\"Vegane Kosmetik zum selber machen Ringelbluen Seife\" width=\"638\" height=\"480\" srcset=\"https:\/\/elavegan.com\/de\/wp-content\/uploads\/sites\/5\/2016\/08\/Vegane-Kosmetik-zum-selber-machen-Ringelblumen-Seife.jpg 638w, https:\/\/elavegan.com\/de\/wp-content\/uploads\/sites\/5\/2016\/08\/Vegane-Kosmetik-zum-selber-machen-Ringelblumen-Seife-300x226.jpg 300w, https:\/\/elavegan.com\/de\/wp-content\/uploads\/sites\/5\/2016\/08\/Vegane-Kosmetik-zum-selber-machen-Ringelblumen-Seife-500x375.jpg 500w, https:\/\/elavegan.com\/de\/wp-content\/uploads\/sites\/5\/2016\/08\/Vegane-Kosmetik-zum-selber-machen-Ringelblumen-Seife-20x15.jpg 20w\" sizes=\"auto, (max-width: 638px) 100vw, 638px\" \/><strong><br \/>\n<\/strong>Vegane DIY Kosmetik selber machen<strong><br \/>\n<\/strong><\/h2>\n<p>In der Kategorie &#8222;<a href=\"https:\/\/elavegan.com\/de\/category\/kosmetik\/\" target=\"_blank\" rel=\"noopener\"><span style=\"color: #2a7f00;\">Kosmetik<\/span><\/a>&#8220; findest du meine <strong>Rezepte f\u00fcr vegane Kosmetik zum selber machen<\/strong>. Die Haut ist unser gr\u00f6\u00dftes Organ und besitzt ausserdem Schutzfunktionen gegen \u00e4u\u00dfere Einfl\u00fcsse. Was wir \u00e4u\u00dferlich auf unsere Haut auftragen, ist genauso wichtig wie das was wir zu uns nehmen. Meiner Meinung nach ist die pflanzliche Ern\u00e4hrung mit unverarbeiteten Lebensmittel sehr wichtig f\u00fcr unsere Haut, um diese frisch und strahlend zu erhalten.<\/p>\n<p>Aber auch andere Faktoren spielen eine wichtige Rolle. Wir m\u00fcssen ebenfalls darauf achten was wir unserer Haut \u00e4u\u00dferlich zuf\u00fchren. Ungef\u00e4hr 60-70% von dem was wir auf unsere Haut auftragen, wird von der Haut aufgenommen. Ja, es wird aufgenommen und gelangt in unseren Blutkreislauf. Wenn man nun Kosmetikprodukte verwendet, die sch\u00e4dliche Inhaltsstoffe wie Parabene, Formaldehyd usw beeinhalten, kann sich dies sehr negativ auf unsere Gesundheit auswirken.<\/p>\n<p><span id=\"result_box\" class=\"\" lang=\"de\">Du hast vielleicht geh\u00f6rt, dass nur oral einzunehmende Medikamente unsere Gesundheit beeinflussen k\u00f6nnen<span class=\"\">, aber das stimmt nicht<\/span>. Denke nur an diese Nikotin- und Hormonpflaster.<\/span> Die Wirkstoffe werden nach und nach in das Blut abgegeben, daran gibt es keinen Zweifel.<\/p>\n<p style=\"text-align: left;\"><img loading=\"lazy\" decoding=\"async\" class=\"alignnone wp-image-601 size-full\" title=\"Vegane Kosmetik zum selber machen\" src=\"https:\/\/elavegan.com\/de\/wp-content\/uploads\/sites\/5\/2016\/08\/Vegane-Kosmetik-zum-selber-machen-Lavendel-Seife.jpg\" alt=\"Vegane Kosmetik zum selber machen Lavendel Seife\" width=\"640\" height=\"452\" srcset=\"https:\/\/elavegan.com\/de\/wp-content\/uploads\/sites\/5\/2016\/08\/Vegane-Kosmetik-zum-selber-machen-Lavendel-Seife.jpg 640w, https:\/\/elavegan.com\/de\/wp-content\/uploads\/sites\/5\/2016\/08\/Vegane-Kosmetik-zum-selber-machen-Lavendel-Seife-300x212.jpg 300w, https:\/\/elavegan.com\/de\/wp-content\/uploads\/sites\/5\/2016\/08\/Vegane-Kosmetik-zum-selber-machen-Lavendel-Seife-20x14.jpg 20w\" sizes=\"auto, (max-width: 640px) 100vw, 640px\" \/><br \/>\nIch bin eine ausgebildete Kosmetikerin und habe w\u00e4hrend meiner Ausbildung mit diversen <span class=\"\">Kosmetikprodukten<\/span> <span class=\"\">von bekannten<\/span> <span class=\"\">Firmen <\/span>gearbeitet. <span class=\"\">Erst Jahre sp\u00e4ter<\/span> <span class=\"\">begann ich<\/span><span class=\"\"> mich n\u00e4her mit dem Thema Kosmetik zum selber herstellen zu besch\u00e4figten<\/span>. <span class=\"\">Ich liebe<\/span><span class=\"\"> es kreativ zu sein<\/span> <span class=\"\">und<\/span> <span class=\"\">nat\u00fcrliche Inhaltsstoffe <\/span>in meinen eigenen Kosmetikprodukten <span class=\"\">zu verwenden<\/span>.<\/p>\n<h3 style=\"text-align: left;\">Selbsthergestellte Kosmetikprodukte f\u00fcr Haut und Haare<\/h3>\n<p><span id=\"result_box\" class=\"\" lang=\"de\"><span class=\"\">Auf meiner<\/span> Seite findest du Rezepte f\u00fcr vegane Kosmetik zum selber machen wie z.B. Seifen (wie diese selbst hergestellten Ringelblume- und <span style=\"color: #2a7f00;\"><a style=\"color: #2a7f00;\" href=\"https:\/\/elavegan.com\/de\/haare-waschen-mit-seife-rezept\/\" target=\"_blank\" rel=\"noopener\"><span class=\"\">Lavendel S<\/span>eife<\/a><\/span>), Shampoo, Zahnputzpulver, Anti-Aging-Gele, <span class=\"\">Feuchtigkeitscreme<\/span>, Make-up-Entferner, geschlagene Shea-Butter, Deodorant usw. Die Rezepte enthalten <span class=\"\">\u00fcberwiegend<\/span> nat\u00fcrliche Zutaten, wie Kr\u00e4uter, Tonerden, \u00d6le, Vitamine <span class=\"\">und \u00e4therische <\/span><span class=\"\">\u00d6le<\/span>.<\/span><\/p>\n<p>Eine frische<span class=\"\">, strahlende <\/span><span class=\"\">und<\/span> jugendliche Haut signalisiert Gesundheit und Vitalit\u00e4t und ist wichtig f\u00fcr unser Selbstwertgef\u00fchl. Die richtige Behandlung mit nat\u00fcrlichen Kosmetikprodukten kann dazu beitragen die Haut zum strahlen zu bringen.<\/p>\n<p>Meine Rezepte f\u00fcr selbsthergestellte Kosmetik findest du <span style=\"color: #2a7f00;\"><a style=\"color: #2a7f00;\" href=\"https:\/\/elavegan.com\/de\/category\/kosmetik\/\" target=\"_blank\" rel=\"noopener\">hier<\/a><\/span>.<\/p>\n<p>Alles Liebe,<br \/>\nEla<\/p>\n","protected":false},"excerpt":{"rendered":"<p>Vegane DIY Kosmetik selber machen In der Kategorie &#8222;Kosmetik&#8220; findest du meine Rezepte f\u00fcr vegane Kosmetik zum selber machen. Die Haut ist unser gr\u00f6\u00dftes Organ und besitzt ausserdem Schutzfunktionen gegen \u00e4u\u00dfere Einfl\u00fcsse. Was wir \u00e4u\u00dferlich auf unsere Haut auftragen, ist genauso wichtig wie das was wir zu uns nehmen. Meiner Meinung nach ist die pflanzliche&#8230;<\/p>\n<p><a class=\"more-link\" href=\"https:\/\/elavegan.com\/de\/vegane-kosmetik-zum-selber-machen\/\">Read More<\/a><\/p>\n","protected":false},"author":1,"featured_media":600,"parent":0,"menu_order":0,"comment_status":"closed","ping_status":"closed","template":"","meta":{"_acf_changed":false,"wprm-recipe-roundup-name":"","wprm-recipe-roundup-description":"","_trash_the_other_posts":false,"_genesis_hide_title":false,"_genesis_hide_breadcrumbs":false,"_genesis_hide_singular_image":false,"_genesis_hide_footer_widgets":false,"_genesis_custom_body_class":"","_genesis_custom_post_class":"","_genesis_layout":"","editor_notices":[],"footnotes":""},"categories":[],"tags":[],"class_list":{"0":"post-252","1":"page","2":"type-page","3":"status-publish","4":"has-post-thumbnail","6":"entry"},"acf":[],"yoast_head":"<!-- This site is optimized with the Yoast SEO plugin v27.2 - https:\/\/yoast.com\/product\/yoast-seo-wordpress\/ -->\n<title>Vegane Kosmetik selber machen | f\u00fcr Haut &amp; Haare - Elavegan<\/title>\n<meta name=\"description\" content=\"Vegane Kosmetik selber machen, Kosmetik f\u00fcr Haut und Haare zu Hause herstellen. Seifen, Shampoo, Creme, Make-Up, Deodorant, Zahnputzpulver.\" \/>\n<meta name=\"robots\" content=\"index, follow, max-snippet:-1, max-image-preview:large, max-video-preview:-1\" \/>\n<link rel=\"canonical\" href=\"https:\/\/elavegan.com\/de\/vegane-kosmetik-zum-selber-machen\/\" \/>\n<meta property=\"og:locale\" content=\"de_DE\" \/>\n<meta property=\"og:type\" content=\"article\" \/>\n<meta property=\"og:title\" content=\"Vegane Kosmetik selber machen | f\u00fcr Haut &amp; Haare - Elavegan\" \/>\n<meta property=\"og:description\" content=\"Vegane Kosmetik selber machen, Kosmetik f\u00fcr Haut und Haare zu Hause herstellen. Seifen, Shampoo, Creme, Make-Up, Deodorant, Zahnputzpulver.\" \/>\n<meta property=\"og:url\" content=\"https:\/\/elavegan.com\/de\/vegane-kosmetik-zum-selber-machen\/\" \/>\n<meta property=\"og:site_name\" content=\"Elavegan\" \/>\n<meta property=\"article:modified_time\" content=\"2020-12-23T19:07:04+00:00\" \/>\n<meta property=\"og:image\" content=\"https:\/\/elavegan.com\/de\/wp-content\/uploads\/sites\/5\/2016\/08\/Vegane-Kosmetik-zum-selber-machen-Ringelblumen-Seife.jpg\" \/>\n\t<meta property=\"og:image:width\" content=\"638\" \/>\n\t<meta property=\"og:image:height\" content=\"480\" \/>\n\t<meta property=\"og:image:type\" content=\"image\/jpeg\" \/>\n<meta name=\"twitter:card\" content=\"summary_large_image\" \/>\n<meta name=\"twitter:label1\" content=\"Gesch\u00e4tzte Lesezeit\" \/>\n\t<meta name=\"twitter:data1\" content=\"2\u00a0Minuten\" \/>\n<script type=\"application\/ld+json\" class=\"yoast-schema-graph\">{\"@context\":\"https:\/\/schema.org\",\"@graph\":[{\"@type\":\"WebPage\",\"@id\":\"https:\/\/elavegan.com\/de\/vegane-kosmetik-zum-selber-machen\/\",\"url\":\"https:\/\/elavegan.com\/de\/vegane-kosmetik-zum-selber-machen\/\",\"name\":\"Vegane Kosmetik selber machen | f\u00fcr Haut & Haare - Elavegan\",\"isPartOf\":{\"@id\":\"https:\/\/elavegan.com\/de\/#website\"},\"primaryImageOfPage\":{\"@id\":\"https:\/\/elavegan.com\/de\/vegane-kosmetik-zum-selber-machen\/#primaryimage\"},\"image\":{\"@id\":\"https:\/\/elavegan.com\/de\/vegane-kosmetik-zum-selber-machen\/#primaryimage\"},\"thumbnailUrl\":\"https:\/\/elavegan.com\/de\/wp-content\/uploads\/sites\/5\/2016\/08\/Vegane-Kosmetik-zum-selber-machen-Ringelblumen-Seife.jpg\",\"datePublished\":\"2016-08-05T13:18:17+00:00\",\"dateModified\":\"2020-12-23T19:07:04+00:00\",\"description\":\"Vegane Kosmetik selber machen, Kosmetik f\u00fcr Haut und Haare zu Hause herstellen. Seifen, Shampoo, Creme, Make-Up, Deodorant, Zahnputzpulver.\",\"breadcrumb\":{\"@id\":\"https:\/\/elavegan.com\/de\/vegane-kosmetik-zum-selber-machen\/#breadcrumb\"},\"inLanguage\":\"de\",\"potentialAction\":[{\"@type\":\"ReadAction\",\"target\":[\"https:\/\/elavegan.com\/de\/vegane-kosmetik-zum-selber-machen\/\"]}]},{\"@type\":\"ImageObject\",\"inLanguage\":\"de\",\"@id\":\"https:\/\/elavegan.com\/de\/vegane-kosmetik-zum-selber-machen\/#primaryimage\",\"url\":\"https:\/\/elavegan.com\/de\/wp-content\/uploads\/sites\/5\/2016\/08\/Vegane-Kosmetik-zum-selber-machen-Ringelblumen-Seife.jpg\",\"contentUrl\":\"https:\/\/elavegan.com\/de\/wp-content\/uploads\/sites\/5\/2016\/08\/Vegane-Kosmetik-zum-selber-machen-Ringelblumen-Seife.jpg\",\"width\":638,\"height\":480,\"caption\":\"Vegane Kosmetik zum selber machen Ringelblumen Seife\"},{\"@type\":\"BreadcrumbList\",\"@id\":\"https:\/\/elavegan.com\/de\/vegane-kosmetik-zum-selber-machen\/#breadcrumb\",\"itemListElement\":[{\"@type\":\"ListItem\",\"position\":1,\"name\":\"Startseite\",\"item\":\"https:\/\/elavegan.com\/de\/\"},{\"@type\":\"ListItem\",\"position\":2,\"name\":\"Vegane Kosmetik selber machen | f\u00fcr Haut &#038; Haare\"}]},{\"@type\":\"WebSite\",\"@id\":\"https:\/\/elavegan.com\/de\/#website\",\"url\":\"https:\/\/elavegan.com\/de\/\",\"name\":\"Elavegan\",\"description\":\"Einfache und leckere vegane Rezepte\",\"publisher\":{\"@id\":\"https:\/\/elavegan.com\/de\/#organization\"},\"potentialAction\":[{\"@type\":\"SearchAction\",\"target\":{\"@type\":\"EntryPoint\",\"urlTemplate\":\"https:\/\/elavegan.com\/de\/?s={search_term_string}\"},\"query-input\":{\"@type\":\"PropertyValueSpecification\",\"valueRequired\":true,\"valueName\":\"search_term_string\"}}],\"inLanguage\":\"de\"},{\"@type\":\"Organization\",\"@id\":\"https:\/\/elavegan.com\/de\/#organization\",\"name\":\"Elavegan\",\"url\":\"https:\/\/elavegan.com\/de\/\",\"logo\":{\"@type\":\"ImageObject\",\"inLanguage\":\"de\",\"@id\":\"https:\/\/elavegan.com\/de\/#\/schema\/logo\/image\/\",\"url\":\"https:\/\/elavegan.com\/de\/wp-content\/uploads\/sites\/5\/2018\/10\/logo-elavegan.png\",\"contentUrl\":\"https:\/\/elavegan.com\/de\/wp-content\/uploads\/sites\/5\/2018\/10\/logo-elavegan.png\",\"width\":800,\"height\":340,\"caption\":\"Elavegan\"},\"image\":{\"@id\":\"https:\/\/elavegan.com\/de\/#\/schema\/logo\/image\/\"}}]}<\/script>\n<!-- \/ Yoast SEO plugin. -->","yoast_head_json":{"title":"Vegane Kosmetik selber machen | f\u00fcr Haut & Haare - Elavegan","description":"Vegane Kosmetik selber machen, Kosmetik f\u00fcr Haut und Haare zu Hause herstellen. Seifen, Shampoo, Creme, Make-Up, Deodorant, Zahnputzpulver.","robots":{"index":"index","follow":"follow","max-snippet":"max-snippet:-1","max-image-preview":"max-image-preview:large","max-video-preview":"max-video-preview:-1"},"canonical":"https:\/\/elavegan.com\/de\/vegane-kosmetik-zum-selber-machen\/","og_locale":"de_DE","og_type":"article","og_title":"Vegane Kosmetik selber machen | f\u00fcr Haut & Haare - Elavegan","og_description":"Vegane Kosmetik selber machen, Kosmetik f\u00fcr Haut und Haare zu Hause herstellen. Seifen, Shampoo, Creme, Make-Up, Deodorant, Zahnputzpulver.","og_url":"https:\/\/elavegan.com\/de\/vegane-kosmetik-zum-selber-machen\/","og_site_name":"Elavegan","article_modified_time":"2020-12-23T19:07:04+00:00","og_image":[{"width":638,"height":480,"url":"https:\/\/elavegan.com\/de\/wp-content\/uploads\/sites\/5\/2016\/08\/Vegane-Kosmetik-zum-selber-machen-Ringelblumen-Seife.jpg","type":"image\/jpeg"}],"twitter_card":"summary_large_image","twitter_misc":{"Gesch\u00e4tzte Lesezeit":"2\u00a0Minuten"},"schema":{"@context":"https:\/\/schema.org","@graph":[{"@type":"WebPage","@id":"https:\/\/elavegan.com\/de\/vegane-kosmetik-zum-selber-machen\/","url":"https:\/\/elavegan.com\/de\/vegane-kosmetik-zum-selber-machen\/","name":"Vegane Kosmetik selber machen | f\u00fcr Haut & Haare - Elavegan","isPartOf":{"@id":"https:\/\/elavegan.com\/de\/#website"},"primaryImageOfPage":{"@id":"https:\/\/elavegan.com\/de\/vegane-kosmetik-zum-selber-machen\/#primaryimage"},"image":{"@id":"https:\/\/elavegan.com\/de\/vegane-kosmetik-zum-selber-machen\/#primaryimage"},"thumbnailUrl":"https:\/\/elavegan.com\/de\/wp-content\/uploads\/sites\/5\/2016\/08\/Vegane-Kosmetik-zum-selber-machen-Ringelblumen-Seife.jpg","datePublished":"2016-08-05T13:18:17+00:00","dateModified":"2020-12-23T19:07:04+00:00","description":"Vegane Kosmetik selber machen, Kosmetik f\u00fcr Haut und Haare zu Hause herstellen. Seifen, Shampoo, Creme, Make-Up, Deodorant, Zahnputzpulver.","breadcrumb":{"@id":"https:\/\/elavegan.com\/de\/vegane-kosmetik-zum-selber-machen\/#breadcrumb"},"inLanguage":"de","potentialAction":[{"@type":"ReadAction","target":["https:\/\/elavegan.com\/de\/vegane-kosmetik-zum-selber-machen\/"]}]},{"@type":"ImageObject","inLanguage":"de","@id":"https:\/\/elavegan.com\/de\/vegane-kosmetik-zum-selber-machen\/#primaryimage","url":"https:\/\/elavegan.com\/de\/wp-content\/uploads\/sites\/5\/2016\/08\/Vegane-Kosmetik-zum-selber-machen-Ringelblumen-Seife.jpg","contentUrl":"https:\/\/elavegan.com\/de\/wp-content\/uploads\/sites\/5\/2016\/08\/Vegane-Kosmetik-zum-selber-machen-Ringelblumen-Seife.jpg","width":638,"height":480,"caption":"Vegane Kosmetik zum selber machen Ringelblumen Seife"},{"@type":"BreadcrumbList","@id":"https:\/\/elavegan.com\/de\/vegane-kosmetik-zum-selber-machen\/#breadcrumb","itemListElement":[{"@type":"ListItem","position":1,"name":"Startseite","item":"https:\/\/elavegan.com\/de\/"},{"@type":"ListItem","position":2,"name":"Vegane Kosmetik selber machen | f\u00fcr Haut &#038; Haare"}]},{"@type":"WebSite","@id":"https:\/\/elavegan.com\/de\/#website","url":"https:\/\/elavegan.com\/de\/","name":"Elavegan","description":"Einfache und leckere vegane Rezepte","publisher":{"@id":"https:\/\/elavegan.com\/de\/#organization"},"potentialAction":[{"@type":"SearchAction","target":{"@type":"EntryPoint","urlTemplate":"https:\/\/elavegan.com\/de\/?s={search_term_string}"},"query-input":{"@type":"PropertyValueSpecification","valueRequired":true,"valueName":"search_term_string"}}],"inLanguage":"de"},{"@type":"Organization","@id":"https:\/\/elavegan.com\/de\/#organization","name":"Elavegan","url":"https:\/\/elavegan.com\/de\/","logo":{"@type":"ImageObject","inLanguage":"de","@id":"https:\/\/elavegan.com\/de\/#\/schema\/logo\/image\/","url":"https:\/\/elavegan.com\/de\/wp-content\/uploads\/sites\/5\/2018\/10\/logo-elavegan.png","contentUrl":"https:\/\/elavegan.com\/de\/wp-content\/uploads\/sites\/5\/2018\/10\/logo-elavegan.png","width":800,"height":340,"caption":"Elavegan"},"image":{"@id":"https:\/\/elavegan.com\/de\/#\/schema\/logo\/image\/"}}]}},"_links":{"self":[{"href":"https:\/\/elavegan.com\/de\/wp-json\/wp\/v2\/pages\/252","targetHints":{"allow":["GET"]}}],"collection":[{"href":"https:\/\/elavegan.com\/de\/wp-json\/wp\/v2\/pages"}],"about":[{"href":"https:\/\/elavegan.com\/de\/wp-json\/wp\/v2\/types\/page"}],"author":[{"embeddable":true,"href":"https:\/\/elavegan.com\/de\/wp-json\/wp\/v2\/users\/1"}],"replies":[{"embeddable":true,"href":"https:\/\/elavegan.com\/de\/wp-json\/wp\/v2\/comments?post=252"}],"version-history":[{"count":27,"href":"https:\/\/elavegan.com\/de\/wp-json\/wp\/v2\/pages\/252\/revisions"}],"predecessor-version":[{"id":8111,"href":"https:\/\/elavegan.com\/de\/wp-json\/wp\/v2\/pages\/252\/revisions\/8111"}],"wp:featuredmedia":[{"embeddable":true,"href":"https:\/\/elavegan.com\/de\/wp-json\/wp\/v2\/media\/600"}],"wp:attachment":[{"href":"https:\/\/elavegan.com\/de\/wp-json\/wp\/v2\/media?parent=252"}],"wp:term":[{"taxonomy":"category","embeddable":true,"href":"https:\/\/elavegan.com\/de\/wp-json\/wp\/v2\/categories?post=252"},{"taxonomy":"post_tag","embeddable":true,"href":"https:\/\/elavegan.com\/de\/wp-json\/wp\/v2\/tags?post=252"}],"curies":[{"name":"wp","href":"https:\/\/api.w.org\/{rel}","templated":true}]}}