{"id":240,"date":"2016-08-04T18:49:27","date_gmt":"2016-08-04T18:49:27","guid":{"rendered":"http:\/\/elavegan.com\/?page_id=240"},"modified":"2025-10-19T11:12:39","modified_gmt":"2025-10-19T15:12:39","slug":"impressum","status":"publish","type":"page","link":"https:\/\/elavegan.com\/de\/impressum\/","title":{"rendered":"Impressum"},"content":{"rendered":"<style>\n  \/* === ElaVegan Impressum Styles === *\/<br \/>\n  #impressum {<br \/>\n    font-family: \"Helvetica Neue\", Arial, sans-serif;<br \/>\n    max-width: 900px;<br \/>\n    margin: 0 auto;<br \/>\n    line-height: 1.6;<br \/>\n    color: #333;<br \/>\n    padding: 2em 1em;<br \/>\n  }<br \/>\n  #impressum h1 {<br \/>\n    font-size: 2em;<br \/>\n    text-align: center;<br \/>\n    margin-bottom: 1.2em;<br \/>\n  }<br \/>\n  #impressum h2 {<br \/>\n    font-size: 1.3em;<br \/>\n    color: #222;<br \/>\n    margin-top: 2em;<br \/>\n    border-bottom: 1px solid #e0e0e0;<br \/>\n    padding-bottom: 0.4em;<br \/>\n  }<br \/>\n  #impressum a {<br \/>\n    color: #0073aa;<br \/>\n    text-decoration: none;<br \/>\n  }<br \/>\n  #impressum a:hover {<br \/>\n    text-decoration: underline;<br \/>\n  }<br \/>\n  #impressum address {<br \/>\n    margin-top: 1em;<br \/>\n    font-style: normal;<br \/>\n    line-height: 1.5;<br \/>\n  }<br \/>\n<\/style>\n<section id=\"impressum\">\n<h2>Angaben gem\u00e4\u00df \u00a7 5 TMG<\/h2>\n<address><strong>Michaela Vais<\/strong><br \/>\nCamino Llibre 3<br \/>\n57000 Sosua, Puerto Plata<br \/>\nDominikanische Republik<br \/>\nTelefon: +1 307 278 6418<br \/>\nE-Mail: <a href=\"mailto:hello@elavegan.com\">hello@elavegan.com<\/a><\/address>\n<h2>Vertreten durch<\/h2>\n<p>Michaela Vais (Inhaberin und Betreiberin der Website <a href=\"https:\/\/elavegan.com\" rel=\"noopener\">https:\/\/elavegan.com<\/a>)<\/p>\n<h2>Haftungsausschluss (Disclaimer)<\/h2>\n<p>Die Inhalte dieser Website wurden mit gr\u00f6\u00dfter Sorgfalt erstellt. F\u00fcr die Richtigkeit, Vollst\u00e4ndigkeit und Aktualit\u00e4t der Inhalte \u00fcbernehmen wir jedoch keine Gew\u00e4hr.<br \/>\nAls Diensteanbieter sind wir gem\u00e4\u00df \u00a7 7 Abs.1 TMG f\u00fcr eigene Inhalte auf diesen Seiten nach den allgemeinen Gesetzen verantwortlich.<br \/>\nNach \u00a7\u00a7 8 bis 10 TMG sind wir als Diensteanbieter jedoch nicht verpflichtet, \u00fcbermittelte oder gespeicherte fremde Informationen zu \u00fcberwachen oder nach Umst\u00e4nden zu forschen, die auf eine rechtswidrige T\u00e4tigkeit hinweisen.<\/p>\n<p>Verpflichtungen zur Entfernung oder Sperrung der Nutzung von Informationen nach den allgemeinen Gesetzen bleiben hiervon unber\u00fchrt. Eine diesbez\u00fcgliche Haftung ist jedoch erst ab dem Zeitpunkt der Kenntnis einer konkreten Rechtsverletzung m\u00f6glich.<br \/>\nBei Bekanntwerden von entsprechenden Rechtsverletzungen werden wir diese Inhalte umgehend entfernen.<\/p>\n<h2>Haftung f\u00fcr Links<\/h2>\n<p>Unser Angebot enth\u00e4lt Links zu externen Websites Dritter, auf deren Inhalte wir keinen Einfluss haben.<br \/>\nDeshalb k\u00f6nnen wir f\u00fcr diese fremden Inhalte auch keine Gew\u00e4hr \u00fcbernehmen. F\u00fcr die Inhalte der verlinkten Seiten ist stets der jeweilige Anbieter oder Betreiber der Seiten verantwortlich.<br \/>\nZum Zeitpunkt der Verlinkung wurden die verlinkten Seiten auf m\u00f6gliche Rechtsverst\u00f6\u00dfe \u00fcberpr\u00fcft. Rechtswidrige Inhalte waren zum Zeitpunkt der Verlinkung nicht erkennbar.<br \/>\nEine permanente inhaltliche Kontrolle der verlinkten Seiten ist jedoch ohne konkrete Anhaltspunkte einer Rechtsverletzung nicht zumutbar.<br \/>\nBei Bekanntwerden von Rechtsverletzungen werden wir derartige Links umgehend entfernen.<\/p>\n<h2>Urheberrecht<\/h2>\n<p>Die durch die Seitenbetreiberin erstellten Inhalte und Werke auf dieser Website unterliegen dem Urheberrecht.<br \/>\nBeitr\u00e4ge Dritter sind als solche gekennzeichnet.<br \/>\nDie Vervielf\u00e4ltigung, Bearbeitung, Verbreitung und jede Art der Verwertung au\u00dferhalb der Grenzen des Urheberrechts bed\u00fcrfen der schriftlichen Zustimmung der Autorin.<br \/>\nDownloads und Kopien dieser Seite sind nur f\u00fcr den privaten, nicht kommerziellen Gebrauch gestattet.<\/p>\n<h2>Streitschlichtung<\/h2>\n<p>Die Europ\u00e4ische Kommission stellt eine Plattform zur Online-Streitbeilegung (OS) bereit:<br \/>\n<a href=\"https:\/\/ec.europa.eu\/consumers\/odr\" target=\"_blank\" rel=\"noopener\">https:\/\/ec.europa.eu\/consumers\/odr<\/a>.<\/p>\n<p>Wir sind nicht verpflichtet und nicht bereit, an Streitbeilegungsverfahren vor einer Verbraucherschlichtungsstelle teilzunehmen.<\/p>\n<h2>Werbung &amp; Partnerschaften<\/h2>\n<p>Diese Website enth\u00e4lt Werbung und Affiliate-Links.<br \/>\nBei Klick auf bestimmte Links und K\u00e4ufen \u00fcber diese Links erhalten wir m\u00f6glicherweise eine Provision.<br \/>\nDie Inhalte bleiben davon unber\u00fchrt und spiegeln ausschlie\u00dflich unsere eigenen Meinungen wider.<br \/>\nWeitere Informationen findest du in unserem <a href=\"\/de\/haftungsausschluss\/\">Haftungsausschluss<\/a> und in der <a href=\"\/de\/datenschutz\/\">Datenschutzerkl\u00e4rung<\/a>.<\/p>\n<p><strong>Letzte Aktualisierung:<\/strong> Oktober 2025<\/p>\n<\/section>\n","protected":false},"excerpt":{"rendered":"<p>Angaben gem\u00e4\u00df \u00a7 5 TMG Michaela Vais Camino Llibre 3 57000 Sosua, Puerto Plata Dominikanische Republik Telefon: +1 307 278 6418 E-Mail: hello@elavegan.com Vertreten durch Michaela Vais (Inhaberin und Betreiberin der Website https:\/\/elavegan.com) Haftungsausschluss (Disclaimer) Die Inhalte dieser Website wurden mit gr\u00f6\u00dfter Sorgfalt erstellt. F\u00fcr die Richtigkeit, Vollst\u00e4ndigkeit und Aktualit\u00e4t der Inhalte \u00fcbernehmen wir jedoch&#8230;<\/p>\n<p><a class=\"more-link\" href=\"https:\/\/elavegan.com\/de\/impressum\/\">Read More<\/a><\/p>\n","protected":false},"author":1,"featured_media":0,"parent":0,"menu_order":0,"comment_status":"closed","ping_status":"closed","template":"","meta":{"_acf_changed":false,"wprm-recipe-roundup-name":"","wprm-recipe-roundup-description":"","_trash_the_other_posts":false,"_genesis_hide_title":false,"_genesis_hide_breadcrumbs":false,"_genesis_hide_singular_image":false,"_genesis_hide_footer_widgets":false,"_genesis_custom_body_class":"","_genesis_custom_post_class":"","_genesis_layout":"","editor_notices":[],"footnotes":""},"categories":[],"tags":[],"class_list":{"0":"post-240","1":"page","2":"type-page","3":"status-publish","5":"entry"},"acf":[],"yoast_head":"<!-- This site is optimized with the Yoast SEO plugin v27.2 - https:\/\/yoast.com\/product\/yoast-seo-wordpress\/ -->\n<title>Impressum - Elavegan<\/title>\n<meta name=\"description\" content=\"Impressum von ElaVegan bereitgestellt durch Michaela Vais mit Informationen zu ihrer Person und Haftungsschutz Hinweisen.\" \/>\n<meta name=\"robots\" content=\"index, follow, max-snippet:-1, max-image-preview:large, max-video-preview:-1\" \/>\n<link rel=\"canonical\" href=\"https:\/\/elavegan.com\/de\/impressum\/\" \/>\n<meta property=\"og:locale\" content=\"de_DE\" \/>\n<meta property=\"og:type\" content=\"article\" \/>\n<meta property=\"og:title\" content=\"Impressum - Elavegan\" \/>\n<meta property=\"og:description\" content=\"Impressum von ElaVegan bereitgestellt durch Michaela Vais mit Informationen zu ihrer Person und Haftungsschutz Hinweisen.\" \/>\n<meta property=\"og:url\" content=\"https:\/\/elavegan.com\/de\/impressum\/\" \/>\n<meta property=\"og:site_name\" content=\"Elavegan\" \/>\n<meta property=\"article:modified_time\" content=\"2025-10-19T15:12:39+00:00\" \/>\n<meta name=\"twitter:card\" content=\"summary_large_image\" \/>\n<meta name=\"twitter:label1\" content=\"Gesch\u00e4tzte Lesezeit\" \/>\n\t<meta name=\"twitter:data1\" content=\"3\u00a0Minuten\" \/>\n<script type=\"application\/ld+json\" class=\"yoast-schema-graph\">{\"@context\":\"https:\/\/schema.org\",\"@graph\":[{\"@type\":\"WebPage\",\"@id\":\"https:\/\/elavegan.com\/de\/impressum\/\",\"url\":\"https:\/\/elavegan.com\/de\/impressum\/\",\"name\":\"Impressum - Elavegan\",\"isPartOf\":{\"@id\":\"https:\/\/elavegan.com\/de\/#website\"},\"datePublished\":\"2016-08-04T18:49:27+00:00\",\"dateModified\":\"2025-10-19T15:12:39+00:00\",\"description\":\"Impressum von ElaVegan bereitgestellt durch Michaela Vais mit Informationen zu ihrer Person und Haftungsschutz Hinweisen.\",\"breadcrumb\":{\"@id\":\"https:\/\/elavegan.com\/de\/impressum\/#breadcrumb\"},\"inLanguage\":\"de\",\"potentialAction\":[{\"@type\":\"ReadAction\",\"target\":[\"https:\/\/elavegan.com\/de\/impressum\/\"]}]},{\"@type\":\"BreadcrumbList\",\"@id\":\"https:\/\/elavegan.com\/de\/impressum\/#breadcrumb\",\"itemListElement\":[{\"@type\":\"ListItem\",\"position\":1,\"name\":\"Startseite\",\"item\":\"https:\/\/elavegan.com\/de\/\"},{\"@type\":\"ListItem\",\"position\":2,\"name\":\"Impressum\"}]},{\"@type\":\"WebSite\",\"@id\":\"https:\/\/elavegan.com\/de\/#website\",\"url\":\"https:\/\/elavegan.com\/de\/\",\"name\":\"Elavegan\",\"description\":\"Einfache und leckere vegane Rezepte\",\"publisher\":{\"@id\":\"https:\/\/elavegan.com\/de\/#organization\"},\"potentialAction\":[{\"@type\":\"SearchAction\",\"target\":{\"@type\":\"EntryPoint\",\"urlTemplate\":\"https:\/\/elavegan.com\/de\/?s={search_term_string}\"},\"query-input\":{\"@type\":\"PropertyValueSpecification\",\"valueRequired\":true,\"valueName\":\"search_term_string\"}}],\"inLanguage\":\"de\"},{\"@type\":\"Organization\",\"@id\":\"https:\/\/elavegan.com\/de\/#organization\",\"name\":\"Elavegan\",\"url\":\"https:\/\/elavegan.com\/de\/\",\"logo\":{\"@type\":\"ImageObject\",\"inLanguage\":\"de\",\"@id\":\"https:\/\/elavegan.com\/de\/#\/schema\/logo\/image\/\",\"url\":\"https:\/\/elavegan.com\/de\/wp-content\/uploads\/sites\/5\/2018\/10\/logo-elavegan.png\",\"contentUrl\":\"https:\/\/elavegan.com\/de\/wp-content\/uploads\/sites\/5\/2018\/10\/logo-elavegan.png\",\"width\":800,\"height\":340,\"caption\":\"Elavegan\"},\"image\":{\"@id\":\"https:\/\/elavegan.com\/de\/#\/schema\/logo\/image\/\"}}]}<\/script>\n<!-- \/ Yoast SEO plugin. -->","yoast_head_json":{"title":"Impressum - Elavegan","description":"Impressum von ElaVegan bereitgestellt durch Michaela Vais mit Informationen zu ihrer Person und Haftungsschutz Hinweisen.","robots":{"index":"index","follow":"follow","max-snippet":"max-snippet:-1","max-image-preview":"max-image-preview:large","max-video-preview":"max-video-preview:-1"},"canonical":"https:\/\/elavegan.com\/de\/impressum\/","og_locale":"de_DE","og_type":"article","og_title":"Impressum - Elavegan","og_description":"Impressum von ElaVegan bereitgestellt durch Michaela Vais mit Informationen zu ihrer Person und Haftungsschutz Hinweisen.","og_url":"https:\/\/elavegan.com\/de\/impressum\/","og_site_name":"Elavegan","article_modified_time":"2025-10-19T15:12:39+00:00","twitter_card":"summary_large_image","twitter_misc":{"Gesch\u00e4tzte Lesezeit":"3\u00a0Minuten"},"schema":{"@context":"https:\/\/schema.org","@graph":[{"@type":"WebPage","@id":"https:\/\/elavegan.com\/de\/impressum\/","url":"https:\/\/elavegan.com\/de\/impressum\/","name":"Impressum - Elavegan","isPartOf":{"@id":"https:\/\/elavegan.com\/de\/#website"},"datePublished":"2016-08-04T18:49:27+00:00","dateModified":"2025-10-19T15:12:39+00:00","description":"Impressum von ElaVegan bereitgestellt durch Michaela Vais mit Informationen zu ihrer Person und Haftungsschutz Hinweisen.","breadcrumb":{"@id":"https:\/\/elavegan.com\/de\/impressum\/#breadcrumb"},"inLanguage":"de","potentialAction":[{"@type":"ReadAction","target":["https:\/\/elavegan.com\/de\/impressum\/"]}]},{"@type":"BreadcrumbList","@id":"https:\/\/elavegan.com\/de\/impressum\/#breadcrumb","itemListElement":[{"@type":"ListItem","position":1,"name":"Startseite","item":"https:\/\/elavegan.com\/de\/"},{"@type":"ListItem","position":2,"name":"Impressum"}]},{"@type":"WebSite","@id":"https:\/\/elavegan.com\/de\/#website","url":"https:\/\/elavegan.com\/de\/","name":"Elavegan","description":"Einfache und leckere vegane Rezepte","publisher":{"@id":"https:\/\/elavegan.com\/de\/#organization"},"potentialAction":[{"@type":"SearchAction","target":{"@type":"EntryPoint","urlTemplate":"https:\/\/elavegan.com\/de\/?s={search_term_string}"},"query-input":{"@type":"PropertyValueSpecification","valueRequired":true,"valueName":"search_term_string"}}],"inLanguage":"de"},{"@type":"Organization","@id":"https:\/\/elavegan.com\/de\/#organization","name":"Elavegan","url":"https:\/\/elavegan.com\/de\/","logo":{"@type":"ImageObject","inLanguage":"de","@id":"https:\/\/elavegan.com\/de\/#\/schema\/logo\/image\/","url":"https:\/\/elavegan.com\/de\/wp-content\/uploads\/sites\/5\/2018\/10\/logo-elavegan.png","contentUrl":"https:\/\/elavegan.com\/de\/wp-content\/uploads\/sites\/5\/2018\/10\/logo-elavegan.png","width":800,"height":340,"caption":"Elavegan"},"image":{"@id":"https:\/\/elavegan.com\/de\/#\/schema\/logo\/image\/"}}]}},"_links":{"self":[{"href":"https:\/\/elavegan.com\/de\/wp-json\/wp\/v2\/pages\/240","targetHints":{"allow":["GET"]}}],"collection":[{"href":"https:\/\/elavegan.com\/de\/wp-json\/wp\/v2\/pages"}],"about":[{"href":"https:\/\/elavegan.com\/de\/wp-json\/wp\/v2\/types\/page"}],"author":[{"embeddable":true,"href":"https:\/\/elavegan.com\/de\/wp-json\/wp\/v2\/users\/1"}],"replies":[{"embeddable":true,"href":"https:\/\/elavegan.com\/de\/wp-json\/wp\/v2\/comments?post=240"}],"version-history":[{"count":8,"href":"https:\/\/elavegan.com\/de\/wp-json\/wp\/v2\/pages\/240\/revisions"}],"predecessor-version":[{"id":17422,"href":"https:\/\/elavegan.com\/de\/wp-json\/wp\/v2\/pages\/240\/revisions\/17422"}],"wp:attachment":[{"href":"https:\/\/elavegan.com\/de\/wp-json\/wp\/v2\/media?parent=240"}],"wp:term":[{"taxonomy":"category","embeddable":true,"href":"https:\/\/elavegan.com\/de\/wp-json\/wp\/v2\/categories?post=240"},{"taxonomy":"post_tag","embeddable":true,"href":"https:\/\/elavegan.com\/de\/wp-json\/wp\/v2\/tags?post=240"}],"curies":[{"name":"wp","href":"https:\/\/api.w.org\/{rel}","templated":true}]}}