{"id":17264,"date":"2025-08-22T09:55:00","date_gmt":"2025-08-22T13:55:00","guid":{"rendered":"https:\/\/elavegan.com\/de\/?page_id=17264"},"modified":"2025-08-22T09:55:00","modified_gmt":"2025-08-22T13:55:00","slug":"kochbuecher","status":"publish","type":"page","link":"https:\/\/elavegan.com\/de\/kochbuecher\/","title":{"rendered":"Einfach k\u00f6stlich und vegan &#8211; Elavegan&#8217;s Kochbuch"},"content":{"rendered":"<p style=\"text-align: left;\">Mein deutsches Kochbuch ist\u00a0 da! Ihr habt so lange darauf gewartet und jetzt ist es endlich soweit! \u201e<strong>Einfach k\u00f6stlich &amp; vegan<\/strong>\u201c erschien am 20. August! Hier kannst du es bestellen:<\/p>\n<p><a href=\"https:\/\/amzn.to\/3JinArf\"><img loading=\"lazy\" decoding=\"async\" class=\"alignleft wp-image-17270 size-full\" src=\"https:\/\/elavegan.com\/de\/wp-content\/uploads\/sites\/5\/2025\/08\/Amazon.jpg\" alt=\"Amazon Bestell-Button\" width=\"170\" height=\"100\" srcset=\"https:\/\/elavegan.com\/de\/wp-content\/uploads\/sites\/5\/2025\/08\/Amazon.jpg 170w, https:\/\/elavegan.com\/de\/wp-content\/uploads\/sites\/5\/2025\/08\/Amazon-150x88.jpg 150w\" sizes=\"auto, (max-width: 170px) 100vw, 170px\" \/><\/a> <a href=\"https:\/\/www.thalia.de\/shop\/home\/artikeldetails\/A1074644595\"><img loading=\"lazy\" decoding=\"async\" class=\"alignleft wp-image-17271 size-full\" src=\"https:\/\/elavegan.com\/de\/wp-content\/uploads\/sites\/5\/2025\/08\/Thalia.jpg\" alt=\"Thalia Bestell-Button\" width=\"170\" height=\"100\" srcset=\"https:\/\/elavegan.com\/de\/wp-content\/uploads\/sites\/5\/2025\/08\/Thalia.jpg 170w, https:\/\/elavegan.com\/de\/wp-content\/uploads\/sites\/5\/2025\/08\/Thalia-150x88.jpg 150w\" sizes=\"auto, (max-width: 170px) 100vw, 170px\" \/><\/a><\/p>\n<p>&nbsp;<\/p>\n<p><img loading=\"lazy\" decoding=\"async\" class=\"aligncenter wp-image-17265 size-full\" src=\"https:\/\/elavegan.com\/de\/wp-content\/uploads\/sites\/5\/2025\/08\/elavegan-kochbuch-cover.jpg\" alt=\"Elavegan Kochbuch Cover &quot;Einfach k\u00f6stlich &amp; vegan&quot;\" width=\"967\" height=\"1500\" srcset=\"https:\/\/elavegan.com\/de\/wp-content\/uploads\/sites\/5\/2025\/08\/elavegan-kochbuch-cover.jpg 967w, https:\/\/elavegan.com\/de\/wp-content\/uploads\/sites\/5\/2025\/08\/elavegan-kochbuch-cover-193x300.jpg 193w, https:\/\/elavegan.com\/de\/wp-content\/uploads\/sites\/5\/2025\/08\/elavegan-kochbuch-cover-660x1024.jpg 660w, https:\/\/elavegan.com\/de\/wp-content\/uploads\/sites\/5\/2025\/08\/elavegan-kochbuch-cover-768x1191.jpg 768w, https:\/\/elavegan.com\/de\/wp-content\/uploads\/sites\/5\/2025\/08\/elavegan-kochbuch-cover-150x233.jpg 150w\" sizes=\"auto, (max-width: 967px) 100vw, 967px\" \/>Gesund, k\u00f6stlich, unkompliziert \u2013 <strong>dieses vegane Kochbuch bietet 100 kreative, glutenfreie Rezepte<\/strong> f\u00fcr Fr\u00fchst\u00fcck, Snacks, Hauptgerichte und Desserts. Erfolgsbloggerin Michaela Vais \u00bbElaVegan\u00ab zeigt, wie einfach pflanzliches Kochen sein kann: vollwertig, allergiefreundlich und mit praktischen Alternativen. Mit wundersch\u00f6nen Fotos und einfachen Zutaten macht dieses Buch Lust auf nachhaltigen Genuss \u2013 ohne Verzicht!<\/p>\n<p><img loading=\"lazy\" decoding=\"async\" class=\"aligncenter size-full wp-image-17268\" src=\"https:\/\/elavegan.com\/de\/wp-content\/uploads\/sites\/5\/2025\/08\/Elavegan-Kochbuch-einfach-koestlich-und-vegan.jpg\" alt=\"Elavegan Kochbuch einfach k\u00f6stlich und vegan\" width=\"1200\" height=\"1578\" srcset=\"https:\/\/elavegan.com\/de\/wp-content\/uploads\/sites\/5\/2025\/08\/Elavegan-Kochbuch-einfach-koestlich-und-vegan.jpg 1200w, https:\/\/elavegan.com\/de\/wp-content\/uploads\/sites\/5\/2025\/08\/Elavegan-Kochbuch-einfach-koestlich-und-vegan-228x300.jpg 228w, https:\/\/elavegan.com\/de\/wp-content\/uploads\/sites\/5\/2025\/08\/Elavegan-Kochbuch-einfach-koestlich-und-vegan-779x1024.jpg 779w, https:\/\/elavegan.com\/de\/wp-content\/uploads\/sites\/5\/2025\/08\/Elavegan-Kochbuch-einfach-koestlich-und-vegan-768x1010.jpg 768w, https:\/\/elavegan.com\/de\/wp-content\/uploads\/sites\/5\/2025\/08\/Elavegan-Kochbuch-einfach-koestlich-und-vegan-1168x1536.jpg 1168w, https:\/\/elavegan.com\/de\/wp-content\/uploads\/sites\/5\/2025\/08\/Elavegan-Kochbuch-einfach-koestlich-und-vegan-150x197.jpg 150w\" sizes=\"auto, (max-width: 1200px) 100vw, 1200px\" \/><\/p>\n<p>Liebevoll fotografiert, zeigt \u201eEinfach k\u00f6stlich &amp; vegan\u201c auch die Zutaten im Bild, sodass du direkt wei\u00dft, was du einkaufen musst und schneller mit dem Kochen \u2013 und Genie\u00dfen \u2013 starten kannst!<\/p>\n<p><img loading=\"lazy\" decoding=\"async\" class=\"aligncenter size-full wp-image-17269\" src=\"https:\/\/elavegan.com\/de\/wp-content\/uploads\/sites\/5\/2025\/08\/Bild-von-Zutaten-im-Kochbuch.jpg\" alt=\"Bild von Zutaten im Kochbuch\" width=\"400\" height=\"532\" srcset=\"https:\/\/elavegan.com\/de\/wp-content\/uploads\/sites\/5\/2025\/08\/Bild-von-Zutaten-im-Kochbuch.jpg 400w, https:\/\/elavegan.com\/de\/wp-content\/uploads\/sites\/5\/2025\/08\/Bild-von-Zutaten-im-Kochbuch-226x300.jpg 226w, https:\/\/elavegan.com\/de\/wp-content\/uploads\/sites\/5\/2025\/08\/Bild-von-Zutaten-im-Kochbuch-150x200.jpg 150w\" sizes=\"auto, (max-width: 400px) 100vw, 400px\" \/><\/p>\n<p>Lerne, k\u00f6stliche pflanzliche Gerichte von einer echten Expertin zu kochen. <a href=\"https:\/\/elavegan.com\/de\/ueber-mich\/\"><strong>Michaela Vais<\/strong><\/a> \u2013 vielen besser bekannt als Ela \u2013 ist Food-Bloggerin, Rezeptentwicklerin und Autorin. Schon mit sechs Jahren entschied sie sich, Vegetarierin zu werden, und 2011 folgte dann der Schritt zur rein pflanzlichen Ern\u00e4hrung.<\/p>\n<p><img loading=\"lazy\" decoding=\"async\" class=\"aligncenter wp-image-29188 size-full\" src=\"https:\/\/elavegan.com\/wp-content\/uploads\/2022\/10\/Michaela-Vais-from-Elavegan-chopping-carrots-in-kitchen.jpg\" alt=\"Michaela Vais from Elavegan chopping carrots in kitchen\" width=\"1500\" height=\"1500\" \/><\/p>\n<p>In diesem veganen Kochbuch teilt sie ihre Erfahrungen und Tipps, damit auch du davon profitieren kannst.<\/p>\n<p><img loading=\"lazy\" decoding=\"async\" class=\"aligncenter wp-image-29187 size-full\" src=\"https:\/\/elavegan.com\/wp-content\/uploads\/2022\/10\/Michaela-Vais-from-Elavegan-cooking-in-kitchen.jpg\" alt=\"Michaela Vais from Elavegan cooking recipe from Simple and Delicious Vegan\" width=\"1500\" height=\"1500\" \/><\/p>\n<h2 style=\"text-align: center;\">Im Buch \u201eEinfach k\u00f6stlich &amp; vegan\u201c findest du:<\/h2>\n<ul>\n<li><strong>100 vegane und glutenfreie Rezepte<\/strong> \u2013 alle mit wundersch\u00f6nen Fotos.<\/li>\n<li>Leckere Ideen f\u00fcr <strong>Fr\u00fchst\u00fcck<\/strong>, <strong>Mittag- und Abendessen<\/strong> sowie <strong>Desserts<\/strong>, <strong>Beilagen<\/strong>, <strong>Snacks<\/strong>, <strong>Suppen<\/strong>, <strong>So\u00dfen<\/strong> und <strong>Salate<\/strong>.<\/li>\n<li><strong>Zutatenfotos<\/strong> zu jedem einzelnen Rezept.<\/li>\n<li><strong>Gesunde, allergiefreundliche Gerichte<\/strong> mit empfohlenen Alternativen f\u00fcr Zutaten, die du vielleicht nicht vertr\u00e4gst.<\/li>\n<\/ul>\n<h3 style=\"text-align: center;\">Einfache vegane Fr\u00fchst\u00fccksrezepte<\/h3>\n<p><img loading=\"lazy\" decoding=\"async\" class=\"aligncenter wp-image-29190 size-full\" src=\"https:\/\/elavegan.com\/wp-content\/uploads\/2022\/10\/Raspberry-Muffins.jpg\" alt=\"Raspberry Muffins\" width=\"1200\" height=\"1455\" \/><\/p>\n<h3 style=\"text-align: center;\">Gesunde vegane Mittagessen-Rezepte<\/h3>\n<p><img loading=\"lazy\" decoding=\"async\" class=\"aligncenter wp-image-29191 size-full\" src=\"https:\/\/elavegan.com\/wp-content\/uploads\/2022\/10\/Macaroni-Salad.jpg\" alt=\"Macaroni Salad\" width=\"1200\" height=\"1480\" \/><\/p>\n<h3 style=\"text-align: center;\">Glutenfreie Snacks und Beilagen<\/h3>\n<p><img loading=\"lazy\" decoding=\"async\" class=\"aligncenter wp-image-29193 size-full\" src=\"https:\/\/elavegan.com\/wp-content\/uploads\/2022\/10\/Potato-Flatbread.jpg\" alt=\"Potato Flatbread\" width=\"1200\" height=\"1525\" \/><\/p>\n<h3 style=\"text-align: center;\">W\u00e4rmende vegane Abendessen-Rezepte<\/h3>\n<p><img loading=\"lazy\" decoding=\"async\" class=\"aligncenter wp-image-29194 size-full\" src=\"https:\/\/elavegan.com\/wp-content\/uploads\/2022\/10\/Mushroom-Stroganoff.jpg\" alt=\"Mushroom Stroganoff\" width=\"1200\" height=\"1514\" \/><\/p>\n<h3 style=\"text-align: center;\">Kreative vegane Dessert-Rezepte<\/h3>\n<p><img loading=\"lazy\" decoding=\"async\" class=\"aligncenter wp-image-29195 size-full\" src=\"https:\/\/elavegan.com\/wp-content\/uploads\/2022\/10\/Coffee-Chocolate-Pudding.jpg\" alt=\"Coffee Chocolate Pudding\" width=\"1200\" height=\"1340\" \/><\/p>\n<p>Herausgeber: \u200eChristian Verlag GmbH<br \/>\nErscheinungstermin: 20. August 2025<br \/>\nSprache: \u200eDeutsch<br \/>\nSeitenzahl der Print-Ausgabe: 256 Seiten<br \/>\nISBN-10: \u200e3989510223<br \/>\nISBN-13: \u200e978-3989510227<\/p>\n<p>Fotos von Michaela Vais, aufgenommen von Karolina Tsanov (@karolina_tsanov)<\/p>\n","protected":false},"excerpt":{"rendered":"<p>Mein deutsches Kochbuch ist\u00a0 da! Ihr habt so lange darauf gewartet und jetzt ist es endlich soweit! \u201eEinfach k\u00f6stlich &amp; vegan\u201c erschien am 20. August! Hier kannst du es bestellen: &nbsp; Gesund, k\u00f6stlich, unkompliziert \u2013 dieses vegane Kochbuch bietet 100 kreative, glutenfreie Rezepte f\u00fcr Fr\u00fchst\u00fcck, Snacks, Hauptgerichte und Desserts. Erfolgsbloggerin Michaela Vais \u00bbElaVegan\u00ab zeigt, wie&#8230;<\/p>\n<p><a class=\"more-link\" href=\"https:\/\/elavegan.com\/de\/kochbuecher\/\">Read More<\/a><\/p>\n","protected":false},"author":1,"featured_media":17265,"parent":0,"menu_order":0,"comment_status":"closed","ping_status":"closed","template":"","meta":{"_acf_changed":false,"wprm-recipe-roundup-name":"","wprm-recipe-roundup-description":"","_trash_the_other_posts":false,"_genesis_hide_title":false,"_genesis_hide_breadcrumbs":false,"_genesis_hide_singular_image":false,"_genesis_hide_footer_widgets":false,"_genesis_custom_body_class":"","_genesis_custom_post_class":"","_genesis_layout":"","editor_notices":[],"footnotes":""},"categories":[30],"tags":[3558,3557],"class_list":{"0":"post-17264","1":"page","2":"type-page","3":"status-publish","4":"has-post-thumbnail","6":"category-rezepte","7":"tag-elavegan","8":"tag-kochbuch","9":"entry"},"acf":[],"yoast_head":"<!-- This site is optimized with the Yoast SEO plugin v27.2 - https:\/\/yoast.com\/product\/yoast-seo-wordpress\/ -->\n<title>Einfach k\u00f6stlich und vegan - Elavegan&#039;s Kochbuch - Elavegan<\/title>\n<meta name=\"description\" content=\"\u201eEinfach k\u00f6stlich &amp; vegan\u201c ist ein veganes Kochbuch mit gesunden, glutenfreien Rezepten f\u00fcr Fr\u00fchst\u00fcck, Mittagessen, Abendessen und Desserts.\" \/>\n<meta name=\"robots\" content=\"index, follow, max-snippet:-1, max-image-preview:large, max-video-preview:-1\" \/>\n<link rel=\"canonical\" href=\"https:\/\/elavegan.com\/de\/kochbuecher\/\" \/>\n<meta property=\"og:locale\" content=\"de_DE\" \/>\n<meta property=\"og:type\" content=\"article\" \/>\n<meta property=\"og:title\" content=\"Einfach k\u00f6stlich und vegan - Elavegan&#039;s Kochbuch - Elavegan\" \/>\n<meta property=\"og:description\" content=\"\u201eEinfach k\u00f6stlich &amp; vegan\u201c ist ein veganes Kochbuch mit gesunden, glutenfreien Rezepten f\u00fcr Fr\u00fchst\u00fcck, Mittagessen, Abendessen und Desserts.\" \/>\n<meta property=\"og:url\" content=\"https:\/\/elavegan.com\/de\/kochbuecher\/\" \/>\n<meta property=\"og:site_name\" content=\"Elavegan\" \/>\n<meta property=\"og:image\" content=\"https:\/\/elavegan.com\/de\/wp-content\/uploads\/sites\/5\/2025\/08\/elavegan-kochbuch-cover.jpg\" \/>\n\t<meta property=\"og:image:width\" content=\"967\" \/>\n\t<meta property=\"og:image:height\" content=\"1500\" \/>\n\t<meta property=\"og:image:type\" content=\"image\/jpeg\" \/>\n<meta name=\"twitter:card\" content=\"summary_large_image\" \/>\n<meta name=\"twitter:label1\" content=\"Gesch\u00e4tzte Lesezeit\" \/>\n\t<meta name=\"twitter:data1\" content=\"5\u00a0Minuten\" \/>\n<script type=\"application\/ld+json\" class=\"yoast-schema-graph\">{\"@context\":\"https:\/\/schema.org\",\"@graph\":[{\"@type\":\"WebPage\",\"@id\":\"https:\/\/elavegan.com\/de\/kochbuecher\/\",\"url\":\"https:\/\/elavegan.com\/de\/kochbuecher\/\",\"name\":\"Einfach k\u00f6stlich und vegan - Elavegan's Kochbuch - Elavegan\",\"isPartOf\":{\"@id\":\"https:\/\/elavegan.com\/de\/#website\"},\"primaryImageOfPage\":{\"@id\":\"https:\/\/elavegan.com\/de\/kochbuecher\/#primaryimage\"},\"image\":{\"@id\":\"https:\/\/elavegan.com\/de\/kochbuecher\/#primaryimage\"},\"thumbnailUrl\":\"https:\/\/elavegan.com\/de\/wp-content\/uploads\/sites\/5\/2025\/08\/elavegan-kochbuch-cover.jpg\",\"datePublished\":\"2025-08-22T13:55:00+00:00\",\"description\":\"\u201eEinfach k\u00f6stlich & vegan\u201c ist ein veganes Kochbuch mit gesunden, glutenfreien Rezepten f\u00fcr Fr\u00fchst\u00fcck, Mittagessen, Abendessen und Desserts.\",\"breadcrumb\":{\"@id\":\"https:\/\/elavegan.com\/de\/kochbuecher\/#breadcrumb\"},\"inLanguage\":\"de\",\"potentialAction\":[{\"@type\":\"ReadAction\",\"target\":[\"https:\/\/elavegan.com\/de\/kochbuecher\/\"]}]},{\"@type\":\"ImageObject\",\"inLanguage\":\"de\",\"@id\":\"https:\/\/elavegan.com\/de\/kochbuecher\/#primaryimage\",\"url\":\"https:\/\/elavegan.com\/de\/wp-content\/uploads\/sites\/5\/2025\/08\/elavegan-kochbuch-cover.jpg\",\"contentUrl\":\"https:\/\/elavegan.com\/de\/wp-content\/uploads\/sites\/5\/2025\/08\/elavegan-kochbuch-cover.jpg\",\"width\":967,\"height\":1500,\"caption\":\"elavegan kochbuch cover\"},{\"@type\":\"BreadcrumbList\",\"@id\":\"https:\/\/elavegan.com\/de\/kochbuecher\/#breadcrumb\",\"itemListElement\":[{\"@type\":\"ListItem\",\"position\":1,\"name\":\"Startseite\",\"item\":\"https:\/\/elavegan.com\/de\/\"},{\"@type\":\"ListItem\",\"position\":2,\"name\":\"Einfach k\u00f6stlich und vegan &#8211; Elavegan&#8217;s Kochbuch\"}]},{\"@type\":\"WebSite\",\"@id\":\"https:\/\/elavegan.com\/de\/#website\",\"url\":\"https:\/\/elavegan.com\/de\/\",\"name\":\"Elavegan\",\"description\":\"Einfache und leckere vegane Rezepte\",\"publisher\":{\"@id\":\"https:\/\/elavegan.com\/de\/#organization\"},\"potentialAction\":[{\"@type\":\"SearchAction\",\"target\":{\"@type\":\"EntryPoint\",\"urlTemplate\":\"https:\/\/elavegan.com\/de\/?s={search_term_string}\"},\"query-input\":{\"@type\":\"PropertyValueSpecification\",\"valueRequired\":true,\"valueName\":\"search_term_string\"}}],\"inLanguage\":\"de\"},{\"@type\":\"Organization\",\"@id\":\"https:\/\/elavegan.com\/de\/#organization\",\"name\":\"Elavegan\",\"url\":\"https:\/\/elavegan.com\/de\/\",\"logo\":{\"@type\":\"ImageObject\",\"inLanguage\":\"de\",\"@id\":\"https:\/\/elavegan.com\/de\/#\/schema\/logo\/image\/\",\"url\":\"https:\/\/elavegan.com\/de\/wp-content\/uploads\/sites\/5\/2018\/10\/logo-elavegan.png\",\"contentUrl\":\"https:\/\/elavegan.com\/de\/wp-content\/uploads\/sites\/5\/2018\/10\/logo-elavegan.png\",\"width\":800,\"height\":340,\"caption\":\"Elavegan\"},\"image\":{\"@id\":\"https:\/\/elavegan.com\/de\/#\/schema\/logo\/image\/\"}}]}<\/script>\n<!-- \/ Yoast SEO plugin. -->","yoast_head_json":{"title":"Einfach k\u00f6stlich und vegan - Elavegan's Kochbuch - Elavegan","description":"\u201eEinfach k\u00f6stlich & vegan\u201c ist ein veganes Kochbuch mit gesunden, glutenfreien Rezepten f\u00fcr Fr\u00fchst\u00fcck, Mittagessen, Abendessen und Desserts.","robots":{"index":"index","follow":"follow","max-snippet":"max-snippet:-1","max-image-preview":"max-image-preview:large","max-video-preview":"max-video-preview:-1"},"canonical":"https:\/\/elavegan.com\/de\/kochbuecher\/","og_locale":"de_DE","og_type":"article","og_title":"Einfach k\u00f6stlich und vegan - Elavegan's Kochbuch - Elavegan","og_description":"\u201eEinfach k\u00f6stlich & vegan\u201c ist ein veganes Kochbuch mit gesunden, glutenfreien Rezepten f\u00fcr Fr\u00fchst\u00fcck, Mittagessen, Abendessen und Desserts.","og_url":"https:\/\/elavegan.com\/de\/kochbuecher\/","og_site_name":"Elavegan","og_image":[{"width":967,"height":1500,"url":"https:\/\/elavegan.com\/de\/wp-content\/uploads\/sites\/5\/2025\/08\/elavegan-kochbuch-cover.jpg","type":"image\/jpeg"}],"twitter_card":"summary_large_image","twitter_misc":{"Gesch\u00e4tzte Lesezeit":"5\u00a0Minuten"},"schema":{"@context":"https:\/\/schema.org","@graph":[{"@type":"WebPage","@id":"https:\/\/elavegan.com\/de\/kochbuecher\/","url":"https:\/\/elavegan.com\/de\/kochbuecher\/","name":"Einfach k\u00f6stlich und vegan - Elavegan's Kochbuch - Elavegan","isPartOf":{"@id":"https:\/\/elavegan.com\/de\/#website"},"primaryImageOfPage":{"@id":"https:\/\/elavegan.com\/de\/kochbuecher\/#primaryimage"},"image":{"@id":"https:\/\/elavegan.com\/de\/kochbuecher\/#primaryimage"},"thumbnailUrl":"https:\/\/elavegan.com\/de\/wp-content\/uploads\/sites\/5\/2025\/08\/elavegan-kochbuch-cover.jpg","datePublished":"2025-08-22T13:55:00+00:00","description":"\u201eEinfach k\u00f6stlich & vegan\u201c ist ein veganes Kochbuch mit gesunden, glutenfreien Rezepten f\u00fcr Fr\u00fchst\u00fcck, Mittagessen, Abendessen und Desserts.","breadcrumb":{"@id":"https:\/\/elavegan.com\/de\/kochbuecher\/#breadcrumb"},"inLanguage":"de","potentialAction":[{"@type":"ReadAction","target":["https:\/\/elavegan.com\/de\/kochbuecher\/"]}]},{"@type":"ImageObject","inLanguage":"de","@id":"https:\/\/elavegan.com\/de\/kochbuecher\/#primaryimage","url":"https:\/\/elavegan.com\/de\/wp-content\/uploads\/sites\/5\/2025\/08\/elavegan-kochbuch-cover.jpg","contentUrl":"https:\/\/elavegan.com\/de\/wp-content\/uploads\/sites\/5\/2025\/08\/elavegan-kochbuch-cover.jpg","width":967,"height":1500,"caption":"elavegan kochbuch cover"},{"@type":"BreadcrumbList","@id":"https:\/\/elavegan.com\/de\/kochbuecher\/#breadcrumb","itemListElement":[{"@type":"ListItem","position":1,"name":"Startseite","item":"https:\/\/elavegan.com\/de\/"},{"@type":"ListItem","position":2,"name":"Einfach k\u00f6stlich und vegan &#8211; Elavegan&#8217;s Kochbuch"}]},{"@type":"WebSite","@id":"https:\/\/elavegan.com\/de\/#website","url":"https:\/\/elavegan.com\/de\/","name":"Elavegan","description":"Einfache und leckere vegane Rezepte","publisher":{"@id":"https:\/\/elavegan.com\/de\/#organization"},"potentialAction":[{"@type":"SearchAction","target":{"@type":"EntryPoint","urlTemplate":"https:\/\/elavegan.com\/de\/?s={search_term_string}"},"query-input":{"@type":"PropertyValueSpecification","valueRequired":true,"valueName":"search_term_string"}}],"inLanguage":"de"},{"@type":"Organization","@id":"https:\/\/elavegan.com\/de\/#organization","name":"Elavegan","url":"https:\/\/elavegan.com\/de\/","logo":{"@type":"ImageObject","inLanguage":"de","@id":"https:\/\/elavegan.com\/de\/#\/schema\/logo\/image\/","url":"https:\/\/elavegan.com\/de\/wp-content\/uploads\/sites\/5\/2018\/10\/logo-elavegan.png","contentUrl":"https:\/\/elavegan.com\/de\/wp-content\/uploads\/sites\/5\/2018\/10\/logo-elavegan.png","width":800,"height":340,"caption":"Elavegan"},"image":{"@id":"https:\/\/elavegan.com\/de\/#\/schema\/logo\/image\/"}}]}},"_links":{"self":[{"href":"https:\/\/elavegan.com\/de\/wp-json\/wp\/v2\/pages\/17264","targetHints":{"allow":["GET"]}}],"collection":[{"href":"https:\/\/elavegan.com\/de\/wp-json\/wp\/v2\/pages"}],"about":[{"href":"https:\/\/elavegan.com\/de\/wp-json\/wp\/v2\/types\/page"}],"author":[{"embeddable":true,"href":"https:\/\/elavegan.com\/de\/wp-json\/wp\/v2\/users\/1"}],"replies":[{"embeddable":true,"href":"https:\/\/elavegan.com\/de\/wp-json\/wp\/v2\/comments?post=17264"}],"version-history":[{"count":15,"href":"https:\/\/elavegan.com\/de\/wp-json\/wp\/v2\/pages\/17264\/revisions"}],"predecessor-version":[{"id":17284,"href":"https:\/\/elavegan.com\/de\/wp-json\/wp\/v2\/pages\/17264\/revisions\/17284"}],"wp:featuredmedia":[{"embeddable":true,"href":"https:\/\/elavegan.com\/de\/wp-json\/wp\/v2\/media\/17265"}],"wp:attachment":[{"href":"https:\/\/elavegan.com\/de\/wp-json\/wp\/v2\/media?parent=17264"}],"wp:term":[{"taxonomy":"category","embeddable":true,"href":"https:\/\/elavegan.com\/de\/wp-json\/wp\/v2\/categories?post=17264"},{"taxonomy":"post_tag","embeddable":true,"href":"https:\/\/elavegan.com\/de\/wp-json\/wp\/v2\/tags?post=17264"}],"curies":[{"name":"wp","href":"https:\/\/api.w.org\/{rel}","templated":true}]}}